{"id":1039,"date":"2021-05-11T20:50:40","date_gmt":"2021-05-11T19:50:40","guid":{"rendered":"http:\/\/www.le-masque.com\/wp2\/?page_id=1039"},"modified":"2025-09-03T21:28:56","modified_gmt":"2025-09-03T20:28:56","slug":"actualites","status":"publish","type":"page","link":"http:\/\/www.le-masque.com\/wp2\/actualites\/","title":{"rendered":"Actualit\u00e9s"},"content":{"rendered":"<h2 class=\"rouge\" style=\"text-align: center;\">Saison 2025-26<\/h2>\n<p><a href=\"http:\/\/www.le-masque.com\/wp2\/wp-content\/uploads\/2025\/09\/Saison_25-26.jpeg\"><img loading=\"lazy\" decoding=\"async\" class=\"aligncenter size-full wp-image-1383\" src=\"http:\/\/www.le-masque.com\/wp2\/wp-content\/uploads\/2025\/09\/Saison_25-26.jpeg\" alt=\"\" width=\"1280\" height=\"891\" srcset=\"http:\/\/www.le-masque.com\/wp2\/wp-content\/uploads\/2025\/09\/Saison_25-26.jpeg 1280w, http:\/\/www.le-masque.com\/wp2\/wp-content\/uploads\/2025\/09\/Saison_25-26-300x209.jpeg 300w, http:\/\/www.le-masque.com\/wp2\/wp-content\/uploads\/2025\/09\/Saison_25-26-1024x713.jpeg 1024w\" sizes=\"(max-width: 1280px) 100vw, 1280px\" \/><\/a><\/p>\n<h2 class=\"titre-actu\">Tourn\u00e9e en Inde du 13 au 23 f\u00e9vrier 2023<\/h2>\n<p><a href=\"http:\/\/www.le-masque.com\/wp2\/wp-content\/uploads\/2023\/03\/Chennai_2023.jpg\"><img loading=\"lazy\" decoding=\"async\" class=\"aligncenter size-full wp-image-1222\" src=\"http:\/\/www.le-masque.com\/wp2\/wp-content\/uploads\/2023\/03\/Chennai_2023.jpg\" alt=\"Le masque \u00e0 Chennai\" width=\"1000\" height=\"623\" srcset=\"http:\/\/www.le-masque.com\/wp2\/wp-content\/uploads\/2023\/03\/Chennai_2023.jpg 1000w, http:\/\/www.le-masque.com\/wp2\/wp-content\/uploads\/2023\/03\/Chennai_2023-300x187.jpg 300w\" sizes=\"(max-width: 1000px) 100vw, 1000px\" \/><\/a><br \/>\n<a href=\"http:\/\/www.le-masque.com\/wp2\/wp-content\/uploads\/2023\/03\/Chennai_2.jpg\"><img loading=\"lazy\" decoding=\"async\" class=\"aligncenter size-full wp-image-1225\" src=\"http:\/\/www.le-masque.com\/wp2\/wp-content\/uploads\/2023\/03\/Chennai_2.jpg\" alt=\"Marc Hervieux \u00e0 Chennai\" width=\"1000\" height=\"750\" srcset=\"http:\/\/www.le-masque.com\/wp2\/wp-content\/uploads\/2023\/03\/Chennai_2.jpg 1000w, http:\/\/www.le-masque.com\/wp2\/wp-content\/uploads\/2023\/03\/Chennai_2-300x225.jpg 300w\" sizes=\"(max-width: 1000px) 100vw, 1000px\" \/><\/a><br \/>\nQuelques images d&rsquo;un s\u00e9jour \u00e0 Chennai (Madras) en Inde.<br \/>\nUn pays \/ continent attachant et contrast\u00e9 aux couleurs et aux sourires par milliers.<br \/>\nJ&rsquo;ai eu la possibilit\u00e9 de proposer le <em>Concert des oiseaux<\/em> dans le <strong>Village International School de Chennai, au Dakshina Chitra Museum,<\/strong> dans un <strong>\u00e9tablissement pour enfants handicap\u00e9s (Niepm), \u00e0 l&rsquo;Alliance fran\u00e7aise et au Coll\u00e8ge de musique et de technologie de Chennai<\/strong> o\u00f9 l&rsquo;on tisse des liens entre la musique classique indienne et la musique occidentale.<br \/>\nDe belles rencontres et la conviction que la musique est un m\u00e9dium pr\u00e9cieux et universel\u00a0!<\/p>\n<div style=\"width: 640px;\" class=\"wp-video\"><!--[if lt IE 9]><script>document.createElement('video');<\/script><![endif]-->\n<video class=\"wp-video-shortcode\" id=\"video-1039-1\" width=\"640\" height=\"352\" preload=\"metadata\" controls=\"controls\"><source type=\"video\/mp4\" src=\"http:\/\/www.le-masque.com\/wp2\/wp-content\/uploads\/2023\/03\/video_Chennai.mp4?_=1\" \/><a href=\"http:\/\/www.le-masque.com\/wp2\/wp-content\/uploads\/2023\/03\/video_Chennai.mp4\">http:\/\/www.le-masque.com\/wp2\/wp-content\/uploads\/2023\/03\/video_Chennai.mp4<\/a><\/video><\/div>\n<h2 class=\"titre-actu\" style=\"margin-top: 20px;\">\u00ab Dialogue insolite \u00bb capt\u00e9 au Th\u00e9\u00e2tre de Hautepierre<\/h2>\n<p>En cette p\u00e9riode de disette culturelle, voici un concert du duo \u00ab Dialogue insolite \u00bb avec Marc Hervieux et Bogdan Nesterenko \u00e0 l\u2019accord\u00e9on de concert <a href=\"http:\/\/www.le-masque.com\/wp2\/2021\/05\/05\/dialogue-insolite-capte-au-theatre-de-hautepierre\/\">capt\u00e9 au Th\u00e9\u00e2tre de Hautepierre en plein confinement.<\/a><\/p>\n<h2 class=\"titre-actu\">Sortie du disque \u00ab Le rossignol d\u2019Utrecht, autour de Jacob Van Eyck \u00bb<\/h2>\n<p>Loin d\u2019\u00eatre une int\u00e9grale de l\u2019\u0153uvre de Jacob van Eyck pour fl\u00fbte seule, ce programme propose un portrait original et sensible de ce musicien et de son r\u00e9pertoire, une mani\u00e8re de s\u2019approcher de la vie musicale telle que l\u2019on peut l\u2019imaginer aux Pays-Bas \u00e0 cette \u00e9poque. <a href=\"http:\/\/www.le-masque.com\/wp2\/2020\/10\/08\/sortie-du-disque-le-rossignol-dutrecht-autour-de-jacob-van-eyck\/\">Cet enregistrement est le fruit d\u2019un long travail de maturation,<\/a> \u00e9labor\u00e9 au fil des r\u00e9p\u00e9titions et des concerts.<\/p>\n","protected":false},"excerpt":{"rendered":"<p>Saison 2025-26 Tourn\u00e9e en Inde du 13 au 23 f\u00e9vrier 2023 Quelques images d&rsquo;un s\u00e9jour \u00e0 Chennai (Madras) en Inde. Un pays \/ continent attachant et contrast\u00e9 aux couleurs et aux sourires par milliers. J&rsquo;ai eu la possibilit\u00e9 de proposer le Concert des oiseaux dans le Village International School de Chennai, au Dakshina Chitra Museum, [&hellip;]<\/p>\n","protected":false},"author":1,"featured_media":0,"parent":0,"menu_order":0,"comment_status":"closed","ping_status":"closed","template":"","meta":{"footnotes":""},"_links":{"self":[{"href":"http:\/\/www.le-masque.com\/wp2\/wp-json\/wp\/v2\/pages\/1039"}],"collection":[{"href":"http:\/\/www.le-masque.com\/wp2\/wp-json\/wp\/v2\/pages"}],"about":[{"href":"http:\/\/www.le-masque.com\/wp2\/wp-json\/wp\/v2\/types\/page"}],"author":[{"embeddable":true,"href":"http:\/\/www.le-masque.com\/wp2\/wp-json\/wp\/v2\/users\/1"}],"replies":[{"embeddable":true,"href":"http:\/\/www.le-masque.com\/wp2\/wp-json\/wp\/v2\/comments?post=1039"}],"version-history":[{"count":46,"href":"http:\/\/www.le-masque.com\/wp2\/wp-json\/wp\/v2\/pages\/1039\/revisions"}],"predecessor-version":[{"id":1389,"href":"http:\/\/www.le-masque.com\/wp2\/wp-json\/wp\/v2\/pages\/1039\/revisions\/1389"}],"wp:attachment":[{"href":"http:\/\/www.le-masque.com\/wp2\/wp-json\/wp\/v2\/media?parent=1039"}],"curies":[{"name":"wp","href":"https:\/\/api.w.org\/{rel}","templated":true}]}}