{"id":1266,"date":"2023-09-12T13:15:17","date_gmt":"2023-09-12T12:15:17","guid":{"rendered":"http:\/\/www.le-masque.com\/wp2\/?page_id=1266"},"modified":"2023-10-02T17:37:44","modified_gmt":"2023-10-02T16:37:44","slug":"saison-2023-24","status":"publish","type":"page","link":"http:\/\/www.le-masque.com\/wp2\/saison-2019-2020\/saison-2023-24\/","title":{"rendered":"Saison 2023-24"},"content":{"rendered":"<h3 class=\"rouge\">dimanche 24 septembre \u00e0 17h \u00e0 la Synagogue de Bergheim<\/h3>\n<p>dans le cadre du Festival baroque <em>\u00c0 contrepoint<\/em><br \/>\nMarc Hervieux, fl\u00fbte \u00e0 bec<br \/>\nChantal Baeumler, viole de gambe<br \/>\nEva Valtov\u00e1, clavecin<\/p>\n<h3 class=\"rouge\">Samedi 14 octobre \u00e0 20h en l&rsquo;\u00e9glise St-Georges de Haguenau<br \/>\nDimanche 15 octobre \u00e0 17h dans l&rsquo;Abbatiale d&rsquo;Ebersmunster<\/h3>\n<h4 class=\"bordeaux\">Voyage dans dans l&rsquo;Europe baroque<\/h4>\n<p>Marta Kratochvilova, traverso<br \/>\nMarc Hervieux, fl\u00fbte \u00e0 bec<br \/>\nChantal Baeumler viole de gambe<br \/>\nParsival Castro, th\u00e9orbe <\/p>\n<h3 class=\"rouge\">Dimanche 12 Novembre 2023 \u00e0 17h &#8211; Temple Neuf<\/h3>\n<h4 class=\"bordeaux\">Musiques au temps de Claudio Monteverdi<\/h4>\n<p>Aniella Zins, soprano<br \/>\nMarc Hervieux, fl\u00fbte \u00e0 bec<br \/>\nChantal Baeumler, viole de gambe<br \/>\nJean-S\u00e9bastien Kuhnel, th\u00e9orbe<br \/>\nLionel Picker, r\u00e9citant<\/p>\n<h3 class=\"rouge\">Samedi 24 F\u00e9vrier 2024 \u00e0 20h &#8211; Temple Neuf<\/h3>\n<h4 class=\"bordeaux\">Sonates et Suites du 18<sup>e<\/sup> si\u00e8cle<\/h4>\n<p>Marc Hervieux, fl\u00fbte \u00e0 bec<br \/>\nBogdan Nesterenko, accord\u00e9on de concert<\/p>\n<h3 class=\"rouge\">Dimanche 24 Mars 2024 \u00e0 17h &#8211; Temple Neuf<\/h3>\n<h4 class=\"bordeaux\">Les chants de l&rsquo;Archange<br \/>\nSonates et Follia d&rsquo;Arcangelo Corelli<\/h4>\n<p>Marc Hervieux, fl\u00fbte \u00e0 bec<br \/>\nChantal Bauemler, viole de gambe<br \/>\nEva Valtov\u00e1, clavecin<\/p>\n<h3 class=\"rouge\">Dimanche 12 Mai 2024 \u00e0 17h &#8211; Temple Neuf<\/h3>\n<h4 class=\"bordeaux\">Dans l&rsquo;intimit\u00e9 de Georg Friedrich H\u00e4ndel : Les airs allemands<\/h4>\n<p>Julia Renoeckl, soprano<br \/>\nMarc Hervieux, fl\u00fbte \u00e0 bec<br \/>\nChantal Baeumler, viole de gambe<br \/>\nYuki Mizutani, clavecin<\/p>\n<h3 class=\"rouge\">Dimanche 9 Juin 2024 \u00e0 17h &#8211; St-Pierre-le-Vieux<\/h3>\n<h4 class=\"bordeaux\">Eh bien maintenant, . . . soufflez et dansez !!!<\/h4>\n<p>Isabel Devaux, danse baroque<br \/>\nMaria Kratochvilova, traverso<br \/>\nMarc Hervieux, fl\u00fbte \u00e0 bec<\/p>\n<p>Tarifs : 16 &#8211; 11 &#8211; 6 \u20ac \u2022 Caisse du soir<\/p>\n","protected":false},"excerpt":{"rendered":"<p>dimanche 24 septembre \u00e0 17h \u00e0 la Synagogue de Bergheim dans le cadre du Festival baroque \u00c0 contrepoint Marc Hervieux, fl\u00fbte \u00e0 bec Chantal Baeumler, viole de gambe Eva Valtov\u00e1, clavecin Samedi 14 octobre \u00e0 20h en l&rsquo;\u00e9glise St-Georges de Haguenau Dimanche 15 octobre \u00e0 17h dans l&rsquo;Abbatiale d&rsquo;Ebersmunster Voyage dans dans l&rsquo;Europe baroque Marta [&hellip;]<\/p>\n","protected":false},"author":1,"featured_media":0,"parent":930,"menu_order":0,"comment_status":"closed","ping_status":"closed","template":"","meta":{"footnotes":""},"_links":{"self":[{"href":"http:\/\/www.le-masque.com\/wp2\/wp-json\/wp\/v2\/pages\/1266"}],"collection":[{"href":"http:\/\/www.le-masque.com\/wp2\/wp-json\/wp\/v2\/pages"}],"about":[{"href":"http:\/\/www.le-masque.com\/wp2\/wp-json\/wp\/v2\/types\/page"}],"author":[{"embeddable":true,"href":"http:\/\/www.le-masque.com\/wp2\/wp-json\/wp\/v2\/users\/1"}],"replies":[{"embeddable":true,"href":"http:\/\/www.le-masque.com\/wp2\/wp-json\/wp\/v2\/comments?post=1266"}],"version-history":[{"count":4,"href":"http:\/\/www.le-masque.com\/wp2\/wp-json\/wp\/v2\/pages\/1266\/revisions"}],"predecessor-version":[{"id":1276,"href":"http:\/\/www.le-masque.com\/wp2\/wp-json\/wp\/v2\/pages\/1266\/revisions\/1276"}],"up":[{"embeddable":true,"href":"http:\/\/www.le-masque.com\/wp2\/wp-json\/wp\/v2\/pages\/930"}],"wp:attachment":[{"href":"http:\/\/www.le-masque.com\/wp2\/wp-json\/wp\/v2\/media?parent=1266"}],"curies":[{"name":"wp","href":"https:\/\/api.w.org\/{rel}","templated":true}]}}