{"id":5,"date":"2016-01-01T19:10:05","date_gmt":"2016-01-01T18:10:05","guid":{"rendered":"http:\/\/www.le-masque.com\/wp2\/?page_id=5"},"modified":"2026-03-31T15:30:10","modified_gmt":"2026-03-31T14:30:10","slug":"accueil","status":"publish","type":"page","link":"http:\/\/www.le-masque.com\/wp2\/","title":{"rendered":"Accueil"},"content":{"rendered":"<h2 class=\"rouge\" style=\"text-align: center;\">Prochain concert<\/h2>\n<h3 class=\"bordeaux\" style=\"margin-bottom:20px;\">Soir\u00e9e chez George Friedrich Haendel<br \/>\nmercredi 8 avril \u00e0 20h<br \/>\nau Cercle europ\u00e9en, 1 rue Massenet \u00e0 Strasbourg.<\/h3>\n<p><strong>C\u00e9cile Foltzer-Lenuzza,<\/strong> soprano<br \/>\n<strong>Marc Hervieux,<\/strong> fl\u00fbte \u00e0 bec<br \/>\n<strong>Chantal Baeumler,<\/strong> viole de gambe<br \/>\n<strong>Bruno Soucaille,<\/strong> clavecin<\/p>\n<p><a href=\"http:\/\/www.le-masque.com\/wp2\/wp-content\/uploads\/2026\/03\/Haendel-Hotel-Massenet.jpg\"><img loading=\"lazy\" decoding=\"async\" class=\"aligncenter size-full wp-image-1435\" src=\"http:\/\/www.le-masque.com\/wp2\/wp-content\/uploads\/2026\/03\/Haendel-Hotel-Massenet.jpg\" alt=\"\" width=\"1063\" height=\"1600\" srcset=\"http:\/\/www.le-masque.com\/wp2\/wp-content\/uploads\/2026\/03\/Haendel-Hotel-Massenet.jpg 1063w, http:\/\/www.le-masque.com\/wp2\/wp-content\/uploads\/2026\/03\/Haendel-Hotel-Massenet-199x300.jpg 199w, http:\/\/www.le-masque.com\/wp2\/wp-content\/uploads\/2026\/03\/Haendel-Hotel-Massenet-680x1024.jpg 680w, http:\/\/www.le-masque.com\/wp2\/wp-content\/uploads\/2026\/03\/Haendel-Hotel-Massenet-1020x1536.jpg 1020w\" sizes=\"(max-width: 1063px) 100vw, 1063px\" \/><\/a><br \/>\nCe concert propose un portrait intimiste de George Friedrich Haendel (1685 -1759).<br \/>\nAu programme, des airs allemands, de la musique instrumentale ainsi que des extraits de la cantate <em>Mi palpita il cor<\/em> \u00e9crite dans un style plus proche de l\u2019op\u00e9ra.<br \/>\nLes airs allemands qui datent des ann\u00e9es 1724-1727 ont \u00e9t\u00e9 \u00e9crits sur des po\u00e8mes de Barthold Heinrich Brockes. Les textes de ces neuf airs proviennent du premier tome d\u2019une Anthologie dont le titre est \u201c Le plaisir terrestre de Dieu, compos\u00e9 de po\u00e8mes physiques et moraux \u201d; Compos\u00e9s dans sa langue maternelle, l\u2019allemand, ces airs sont empreints d\u2019une nouvelle sensibilit\u00e9, d\u2019une po\u00e9sie de la nature na\u00efvement int\u00e9rioris\u00e9e, tout en \u00e9tant tr\u00e8s imag\u00e9e, l\u00e9g\u00e8rement moralisatrice. Dieu y est lou\u00e9 de fa\u00e7on panth\u00e9iste, suivant l\u2019id\u00e9e qu\u2019il se manifeste \u00e0 travers tous les \u00eatres vivants du monde.<\/p>\n<p>Ces airs pour soprano, dessus et basse, pleins de caract\u00e8re et de charme, adoptant la forme <em>da capo,<\/em> \u00e9taient sans doute chant\u00e9s et jou\u00e9s dans un cercle semi-public, ou \u00e9taient r\u00e9serv\u00e9s \u00e0 l\u2019\u00e9dification spirituelle et au recueillement m\u00e9ditatif.<br \/>\nEn alternance \u00e0 ces airs, nous entendrons un air de la cantate <em>Mi palpita il cor<\/em> ainsi qu\u2019une suite pour clavecin seul, une sonate pour la viole de gambe et une autre pour la fl\u00fbte \u00e0 bec avec basse, \u00e9crites dans le style italien, \u00e0 la fois expressives et pleines de virtuosit\u00e9.<\/p>\n<p>Quand Haendel compose pour les instruments, il donne l\u2019impression de s\u2019adresser \u00e0 des chanteurs, avec la m\u00eame exigence, en donnant \u00e0 ces pi\u00e8ces un m\u00eame pouvoir \u00e9motionnel et dramatique.<\/p>\n<p><strong>R\u00e9servations au 03 88 61 26 69<\/strong><\/p>\n<h2 class=\"rouge\" style=\"text-align: center;\">L&rsquo;Acad\u00e9mie 2026 est lanc\u00e9e !<\/h2>\n<h3 class=\"bordeaux\">22<sup>e<\/sup> ACAD\u00c9MIE DE MUSIQUE BAROQUE<br \/>\nau sein du Parc naturel des Vosges du Nord<br \/>\ndu 17 au 23 ao\u00fbt 2026<\/h3>\n<p>La 22<sup>e<\/sup> Acad\u00e9mie de musique baroque anim\u00e9e par Le Masque s&rsquo;adresse \u00e0 des amateurs de bon niveau (\u00e9l\u00e8ves d&rsquo;\u00e9coles de musique ou de conservatoires) et \u00e0 de futurs professionnels.<br \/>\nCette ann\u00e9e, les enseignants souhaitent \u00e9galement ouvrir leurs cours aux instrumentistes classiques (violon, violoncelle, hautbois, fl\u00fbte traversi\u00e8re) en vue d&rsquo;aborder l&rsquo;interpr\u00e9tation du r\u00e9pertoire baroque.<\/p>\n<p><strong>D\u00e9roulement d&rsquo;une journ\u00e9e<\/strong><br \/>\nLe matin : \u00e9veil corporel puis cours instrumental de 1\/2 h par jour et par stagiaire<br \/>\nL&rsquo;apr\u00e8s-midi : divers ensembles de musique de chambre et orchestre<br \/>\nPour les fl\u00fbtes et les violes : 1\/2 h par jour avec la basse<\/p>\n<p><strong>Vos enseignants<\/strong><br \/>\nMarta Kratochvilov\u00e1, traverso<br \/>\nMarc Hervieux, fl\u00fbte \u00e0 bec<br \/>\nChantal Baeumler, viole de gambe<br \/>\nParsival Castro guitare, luth et th\u00e9orbe<br \/>\nElisabeth Metzger, \u00e9veil corporel<\/p>\n<p><strong>Co\u00fbt du stage<\/strong><br \/>\nFrais p\u00e9dagogiques : 300 \u20ac; pratique d&rsquo;un deuxi\u00e8me instrument : 100 \u20ac;<br \/>\nFrais d&rsquo;h\u00e9bergement en pension compl\u00e8te : 400 \u20ac \u00e0 la Vie en Vert (www.lavieenvert.fr) au sein du Parc r\u00e9gional des Vosges du nord.<\/p>\n<p><strong>Les Rencontres baroques<\/strong><br \/>\nComme prolongement harmonieux et festif \u00e0 cette semaine p\u00e9dagogique, Le Masque propose trois concerts \u00e0 entr\u00e9e libre avec plateau, les 21, 22 et 23 ao\u00fbt \u00e0 Bouxwiller, Neuwiller-l\u00e8s Saverne, et Ingwiller.<\/p>\n<p><strong>Renseignements &#8211; Inscriptions<\/strong> hervieuxmarc@gmail.com &#8211; 06.63.81.31.31<\/p>\n<p><a href=\"http:\/\/www.le-masque.com\/wp2\/wp-content\/uploads\/2026\/03\/Academie-2026.png\"><img loading=\"lazy\" decoding=\"async\" class=\"aligncenter size-full wp-image-1429\" src=\"http:\/\/www.le-masque.com\/wp2\/wp-content\/uploads\/2026\/03\/Academie-2026.png\" alt=\"\" width=\"1280\" height=\"905\" srcset=\"http:\/\/www.le-masque.com\/wp2\/wp-content\/uploads\/2026\/03\/Academie-2026.png 1280w, http:\/\/www.le-masque.com\/wp2\/wp-content\/uploads\/2026\/03\/Academie-2026-300x212.png 300w, http:\/\/www.le-masque.com\/wp2\/wp-content\/uploads\/2026\/03\/Academie-2026-1024x724.png 1024w\" sizes=\"(max-width: 1280px) 100vw, 1280px\" \/><\/a><\/p>\n<p><img loading=\"lazy\" decoding=\"async\" class=\"aligncenter size-full wp-image-1426\" src=\"http:\/\/www.le-masque.com\/wp2\/wp-content\/uploads\/2026\/03\/2026.03.29.affiche_diffusion.jpeg\" alt=\"\" width=\"890\" height=\"1280\" srcset=\"http:\/\/www.le-masque.com\/wp2\/wp-content\/uploads\/2026\/03\/2026.03.29.affiche_diffusion.jpeg 890w, http:\/\/www.le-masque.com\/wp2\/wp-content\/uploads\/2026\/03\/2026.03.29.affiche_diffusion-209x300.jpeg 209w, http:\/\/www.le-masque.com\/wp2\/wp-content\/uploads\/2026\/03\/2026.03.29.affiche_diffusion-712x1024.jpeg 712w\" sizes=\"(max-width: 890px) 100vw, 890px\" \/><\/p>\n<h2 class=\"rouge\" style=\"text-align: center;\">Saison 2025-26<\/h2>\n<p><a href=\"http:\/\/www.le-masque.com\/wp2\/wp-content\/uploads\/2025\/09\/Saison_25-26.jpeg\"><img loading=\"lazy\" decoding=\"async\" class=\"aligncenter size-full wp-image-1383\" src=\"http:\/\/www.le-masque.com\/wp2\/wp-content\/uploads\/2025\/09\/Saison_25-26.jpeg\" alt=\"\" width=\"1280\" height=\"891\" srcset=\"http:\/\/www.le-masque.com\/wp2\/wp-content\/uploads\/2025\/09\/Saison_25-26.jpeg 1280w, http:\/\/www.le-masque.com\/wp2\/wp-content\/uploads\/2025\/09\/Saison_25-26-300x209.jpeg 300w, http:\/\/www.le-masque.com\/wp2\/wp-content\/uploads\/2025\/09\/Saison_25-26-1024x713.jpeg 1024w\" sizes=\"(max-width: 1280px) 100vw, 1280px\" \/><\/a><\/p>\n<h2 class=\"rouge\" style=\"text-align: center; margin-top: 20px; margin-bottom: 10px;\">Ensemble Le Masque<\/h2>\n<p><img loading=\"lazy\" decoding=\"async\" class=\"aligncenter size-full wp-image-958\" src=\"http:\/\/www.le-masque.com\/wp2\/wp-content\/uploads\/2020\/07\/Masque_Bitti-1.jpeg\" alt=\"\" width=\"600\" height=\"600\" srcset=\"http:\/\/www.le-masque.com\/wp2\/wp-content\/uploads\/2020\/07\/Masque_Bitti-1.jpeg 600w, http:\/\/www.le-masque.com\/wp2\/wp-content\/uploads\/2020\/07\/Masque_Bitti-1-150x150.jpeg 150w, http:\/\/www.le-masque.com\/wp2\/wp-content\/uploads\/2020\/07\/Masque_Bitti-1-300x300.jpeg 300w\" sizes=\"(max-width: 600px) 100vw, 600px\" \/><br \/>\nLe Masque a \u00e9t\u00e9 cr\u00e9\u00e9 en 1997 par Marc Hervieux \u00e0 Strasbourg. Du r\u00e9cital \u00e0 une dizaine d\u2019artistes, l\u2019ensemble explore les styles et les go\u00fbts musicaux des 17<sup>e<\/sup> et 18<sup>e<\/sup> si\u00e8cles.<\/p>\n<p>Fid\u00e8le \u00e0 la tradition baroque de lier les Arts, le Masque m\u00eale parfois \u00e0 la musique d\u2019autres formes d\u2019expression, comme la danse, le th\u00e9\u00e2tre, la po\u00e9sie et propose au concert des formes diff\u00e9rentes. Se nourrir des pas et gestes du danseur, s\u2019impr\u00e9gner de l\u2019\u00e9loquence ou du jeu d\u2019un com\u00e9dien enrichit le travail du musicien au quotidien et apporte aussi une dimension diff\u00e9rente au concert.<\/p>\n<p>Dans des r\u00e9pertoires et des effectifs tr\u00e8s vari\u00e9s, Le Masque se produit en France et \u00e0 l\u2019\u00e9tranger (Allemagne, Autriche, Pologne, Tch\u00e9quie, Italie, Gr\u00e8ce, Russie, Liban, Palestine, Isra\u00ebl, Inde).<\/p>\n<p>Depuis 2008, le Masque propose une <strong>Saison de concerts \u00e0 Strasbourg<\/strong>. Il a cr\u00e9\u00e9 en 2005 une <strong>Acad\u00e9mie de musique baroque \u00e0 Neuwiller-les-Saverne,<\/strong> r\u00e9unissant \u00e0 la fois des amateurs d\u00e9couvrant le r\u00e9pertoire baroque et de futurs professionnels. Comme prolongement festif et harmonieux \u00e0 cette Acad\u00e9mie, il cr\u00e9e en 2010 le Festival itin\u00e9rant <em><strong>Les Rencontres Baroques<\/strong><\/em>.<\/p>\n<p>Avec l\u2019accord\u00e9oniste <strong>Bogdan Nesterenko,<\/strong> Marc Hervieux a cr\u00e9\u00e9 en 2015 le duo <em><strong>Dialogue insolite<\/strong><\/em> autour de sonates du 18<sup>e<\/sup> si\u00e8cle. Ils ont r\u00e9alis\u00e9 un disque de sonates de J.S. Bach et G.F. Haendel en 2018 et continuent leur aventure en cr\u00e9ant des ponts avec la danse baroque et contemporaine.<\/p>\n<p>Apr\u00e8s plusieurs disques consacr\u00e9s \u00e0 Claudio Monteverdi \u00e0 Antonio Vivaldi et \u00e0 Martino Bitti, le Masque a enregistr\u00e9 en 2020 <strong><em>Jacob van Eyck, le rossignol d&rsquo;Utrecht<\/em><\/strong>.<br \/>\nDepuis quelques ann\u00e9es, le Masque tisse des liens \u00e9troits avec l\u2019ensemble tch\u00e8que <strong><em>Plaisirs de musique<\/em><\/strong> et les musiciens Marta Kratochvilov\u00e1 et Jan Cizmar. Des projets autour de la musique fran\u00e7aise et des r\u00e9sidences se d\u00e9veloppent entre les deux pays.<\/p>\n<p>Le Masque anime par ailleurs des ateliers d\u2019initiation \u00e0 la musique baroque aupr\u00e8s de publics emp\u00each\u00e9s, au sein de structures sp\u00e9cialis\u00e9es (ehpads, h\u00f4pitaux, maisons d\u2019arr\u00eat&#8230;).<\/p>\n<p>Apr\u00e8s le spectacle <strong><em>Belles danses pour une demoiselle<\/em><\/strong> autour des trios de Marin Marais avec le chor\u00e9graphe Emmanuel Soulhat, le Masque d\u00e9veloppe depuis 2021 une adaptation du c\u00e9l\u00e8bre conte d&rsquo;Andersen <strong><em>Le Rossignol et le Roi<\/em><\/strong> avec la danseuse Isabe et chor\u00e9graphe Isabel Devaux et le com\u00e9dien Jimmy Patouillard. Ce spectacle a \u00e9t\u00e9 r\u00e9cemment labellis\u00e9 <strong>Strasbourg, capitale mondiale du Livre UNESCO<\/strong>.<\/p>\n<p>Autre actualit\u00e9, depuis le printemps 2024, Marc Hervieux accompagne la com\u00e9dienne Yol\u00e8ne Schildknecht autour d&rsquo;un projet sur l&rsquo;esclavage <strong><em>Quand le d\u00e9tour devient chemin<\/em><\/strong>. Ce spectacle s&rsquo;articule autour de po\u00e8mes de Laurent Gaud\u00e9 et de textes d&rsquo;Aim\u00e9 C\u00e9saire, de V\u00e9ronique Tadjo&#8230; Comme un devoir de m\u00e9moire, ce dialogue entre textes et musique est pr\u00e9sent\u00e9 devant des coll\u00e9giens et lyc\u00e9ens fait l&rsquo;objet d&rsquo;une r\u00e9sidence en avril 2025 au <strong>Lyc\u00e9e du Reeberg \u00e0 Mulhouse.<\/strong><\/p>\n<p>Un projet de disque pour l\u2019automne 2025 se dessine autour d\u2019un programme pour fl\u00fbte seule <strong><em>Le concert des oiseaux<\/em><\/strong> avec des \u0153uvres des 17<sup>e<\/sup> et 18<sup>e<\/sup> si\u00e8cles et d\u2019autres surprises.<\/p>\n<p>Le Masque est soutenu par la Ville de Strasbourg, la DRAC Alsace, la Collectivit\u00e9 Europ\u00e9enne d&rsquo;Alsace et la Banque Populaire Alsace-Lorraine-Champagne.<\/p>\n","protected":false},"excerpt":{"rendered":"<p>Prochain concert Soir\u00e9e chez George Friedrich Haendel mercredi 8 avril \u00e0 20h au Cercle europ\u00e9en, 1 rue Massenet \u00e0 Strasbourg. C\u00e9cile Foltzer-Lenuzza, soprano Marc Hervieux, fl\u00fbte \u00e0 bec Chantal Baeumler, viole de gambe Bruno Soucaille, clavecin Ce concert propose un portrait intimiste de George Friedrich Haendel (1685 -1759). Au programme, des airs allemands, de la [&hellip;]<\/p>\n","protected":false},"author":1,"featured_media":0,"parent":0,"menu_order":0,"comment_status":"closed","ping_status":"closed","template":"","meta":{"footnotes":""},"_links":{"self":[{"href":"http:\/\/www.le-masque.com\/wp2\/wp-json\/wp\/v2\/pages\/5"}],"collection":[{"href":"http:\/\/www.le-masque.com\/wp2\/wp-json\/wp\/v2\/pages"}],"about":[{"href":"http:\/\/www.le-masque.com\/wp2\/wp-json\/wp\/v2\/types\/page"}],"author":[{"embeddable":true,"href":"http:\/\/www.le-masque.com\/wp2\/wp-json\/wp\/v2\/users\/1"}],"replies":[{"embeddable":true,"href":"http:\/\/www.le-masque.com\/wp2\/wp-json\/wp\/v2\/comments?post=5"}],"version-history":[{"count":197,"href":"http:\/\/www.le-masque.com\/wp2\/wp-json\/wp\/v2\/pages\/5\/revisions"}],"predecessor-version":[{"id":1438,"href":"http:\/\/www.le-masque.com\/wp2\/wp-json\/wp\/v2\/pages\/5\/revisions\/1438"}],"wp:attachment":[{"href":"http:\/\/www.le-masque.com\/wp2\/wp-json\/wp\/v2\/media?parent=5"}],"curies":[{"name":"wp","href":"https:\/\/api.w.org\/{rel}","templated":true}]}}